{"id":168,"date":"2023-08-04T16:40:55","date_gmt":"2023-08-04T20:40:55","guid":{"rendered":"https:\/\/www.karatesherbrooke.ca\/?page_id=168"},"modified":"2024-11-30T10:11:52","modified_gmt":"2024-11-30T15:11:52","slug":"inscription-kobujutsu","status":"publish","type":"page","link":"https:\/\/www.karatesherbrooke.ca\/indexphp\/formulaire-inscription-kobujutsu\/","title":{"rendered":"Formulaire inscription kobujutsu"},"content":{"rendered":"\n<div class=\"forminator-guttenberg\"><div class=\"forminator-ui forminator-custom-form forminator-custom-form-167 forminator-design--bold  forminator_ajax\" data-forminator-render=\"0\" data-form=\"forminator-module-167\" data-uid=\"69f390d73335e\"><br\/><\/div><form\n\t\t\t\tid=\"forminator-module-167\"\n\t\t\t\tclass=\"forminator-ui forminator-custom-form forminator-custom-form-167 forminator-design--bold  forminator_ajax\"\n\t\t\t\tmethod=\"post\"\n\t\t\t\tdata-forminator-render=\"0\"\n\t\t\t\tdata-form-id=\"167\"\n\t\t\t\t data-color-option=\"default\" data-design=\"bold\" data-grid=\"open\" style=\"display: none;\"\n\t\t\t\tdata-uid=\"69f390d73335e\"\n\t\t\t><div role=\"alert\" aria-live=\"polite\" class=\"forminator-response-message forminator-error\" aria-hidden=\"true\"><\/div><div class=\"forminator-row\"><div id=\"group-1\" class=\"forminator-field-group forminator-col forminator-col-12 \"><label class=\"forminator-label forminator-repeater-label\">Membre principal<\/label><div class=\"forminator-all-group-copies forminator-repeater-field\"><div class=\"forminator-grouped-fields\" data-options=\"{&quot;is_repeater&quot;:false,&quot;min_type&quot;:&quot;custom&quot;,&quot;max_type&quot;:&quot;custom&quot;,&quot;min&quot;:1,&quot;max&quot;:9223372036854775807,&quot;add_text&quot;:&quot;Add item&quot;,&quot;remove_text&quot;:&quot;Remove item&quot;,&quot;action_element_type&quot;:&quot;button&quot;}\"><div class=\"forminator-row\"><div id=\"name-1\" class=\"forminator-field-name forminator-col forminator-col-12 \"><div class=\"forminator-row forminator-no-margin\" data-multiple=\"true\"><div class=\"forminator-col forminator-col-md-3\"><div class=\"forminator-field\"><label for=\"forminator-field-first-name-1_69f390d73335e\" id=\"forminator-field-first-name-1_69f390d73335e-label\" class=\"forminator-label\">Pr\u00e9nom <span class=\"forminator-required\">*<\/span><\/label><input type=\"text\" name=\"name-1-first-name\" placeholder=\"\" id=\"forminator-field-first-name-1_69f390d73335e\" class=\"forminator-input\" aria-required=\"true\" data-multi=\"1\" autocomplete=\"given-name\" value=\"\" \/><\/div><\/div><div class=\"forminator-col forminator-col-md-3\"><div class=\"forminator-field\"><label for=\"forminator-field-last-name-1_69f390d73335e\" id=\"forminator-field-last-name-1_69f390d73335e-label\" class=\"forminator-label\">Nom <span class=\"forminator-required\">*<\/span><\/label><input type=\"text\" name=\"name-1-last-name\" placeholder=\"\" id=\"forminator-field-last-name-1_69f390d73335e\" class=\"forminator-input\" aria-required=\"true\" data-multi=\"1\" autocomplete=\"family-name\" value=\"\" \/><\/div><\/div><\/div><\/div><\/div><div class=\"forminator-row\"><div id=\"address-1\" class=\"forminator-field-address forminator-col forminator-col-12 \"><div class=\"forminator-row\"><div id=\"address-1-street_address\" class=\"forminator-col\"><div class=\"forminator-field\"><label for=\"forminator-field-address-1-street_address_69f390d73335e\" id=\"forminator-field-address-1-street_address_69f390d73335e-label\" class=\"forminator-label\">Adresse <span class=\"forminator-required\">*<\/span><\/label><input type=\"text\" name=\"address-1-street_address\" placeholder=\"\" id=\"forminator-field-address-1-street_address_69f390d73335e\" class=\"forminator-input\" data-required=\"1\" aria-required=\"true\" autocomplete=\"address-line1\" value=\"\" \/><\/div><\/div><\/div><div class=\"forminator-row\"><div id=\"address-1-address_line\" class=\"forminator-col\"><div class=\"forminator-field\"><label for=\"forminator-field-address-1-address_line_69f390d73335e\" id=\"forminator-field-address-1-address_line_69f390d73335e-label\" class=\"forminator-label\"># appartement<\/label><input type=\"text\" name=\"address-1-address_line\" placeholder=\"\" id=\"forminator-field-address-1-address_line_69f390d73335e\" class=\"forminator-input\" data-required=\"\" aria-required=\"false\" autocomplete=\"address-line2\" value=\"\" \/><\/div><\/div><\/div><div class=\"forminator-row\" data-multiple=\"false\"><div id=\"address-1-city\" class=\"forminator-col forminator-col-12\"><div class=\"forminator-field\"><label for=\"forminator-field-address-1-city_69f390d73335e\" id=\"forminator-field-address-1-city_69f390d73335e-label\" class=\"forminator-label\">Ville <span class=\"forminator-required\">*<\/span><\/label><input type=\"text\" name=\"address-1-city\" placeholder=\"\" id=\"forminator-field-address-1-city_69f390d73335e\" class=\"forminator-input\" data-required=\"1\" aria-required=\"true\" autocomplete=\"address-level2\" value=\"\" \/><\/div><\/div><\/div><div class=\"forminator-row\" data-multiple=\"false\"><div id=\"address-1-zip\" class=\"forminator-col forminator-col-12\"><div class=\"forminator-field\"><label for=\"forminator-field-address-1-zip_69f390d73335e\" id=\"forminator-field-address-1-zip_69f390d73335e-label\" class=\"forminator-label\">Code postal <span class=\"forminator-required\">*<\/span><\/label><input type=\"text\" name=\"address-1-zip\" placeholder=\"\" id=\"forminator-field-address-1-zip_69f390d73335e\" class=\"forminator-input\" autocomplete=\"postal-code\" value=\"\" \/><\/div><\/div><\/div><\/div><\/div><div class=\"forminator-row\"><div id=\"email-1\" class=\"forminator-field-email forminator-col forminator-col-6 \"><div class=\"forminator-field\"><label for=\"forminator-field-email-1_69f390d73335e\" id=\"forminator-field-email-1_69f390d73335e-label\" class=\"forminator-label\">Courriel <span class=\"forminator-required\">*<\/span><\/label><input type=\"email\" name=\"email-1\" value=\"\" placeholder=\"\" id=\"forminator-field-email-1_69f390d73335e\" class=\"forminator-input forminator-email--field\" data-required=\"1\" aria-required=\"true\" autocomplete=\"email\" \/><\/div><\/div><div id=\"phone-1\" class=\"forminator-field-phone forminator-col forminator-col-6 \"><div class=\"forminator-field\"><label for=\"forminator-field-phone-1_69f390d73335e\" id=\"forminator-field-phone-1_69f390d73335e-label\" class=\"forminator-label\">No. t\u00e9l\u00e9phone <span class=\"forminator-required\">*<\/span><\/label><input type=\"text\" name=\"phone-1\" value=\"\" placeholder=\"\" id=\"forminator-field-phone-1_69f390d73335e\" class=\"forminator-input forminator-field--phone\" data-required=\"1\" aria-required=\"true\" autocomplete=\"off\" \/><\/div><\/div><\/div><\/div><\/div><\/div><\/div><div class=\"forminator-row\"><div id=\"group-2\" class=\"forminator-field-group forminator-col forminator-col-12 \"><label class=\"forminator-label forminator-repeater-label\">Plan familial (autres membres)<\/label><div class=\"forminator-all-group-copies\"><div class=\"forminator-grouped-fields\" data-options=\"{&quot;is_repeater&quot;:true,&quot;min_type&quot;:&quot;custom&quot;,&quot;max_type&quot;:&quot;custom&quot;,&quot;min&quot;:1,&quot;max&quot;:4,&quot;add_text&quot;:&quot;Autre membre&quot;,&quot;remove_text&quot;:&quot;Retirer&quot;,&quot;action_element_type&quot;:&quot;button&quot;}\"><div class=\"forminator-row\"><div id=\"name-3\" class=\"forminator-field-name forminator-col forminator-col-12 \"><div class=\"forminator-row forminator-no-margin\" data-multiple=\"true\"><div class=\"forminator-col forminator-col-md-3\"><div class=\"forminator-field\"><label for=\"forminator-field-first-name-3_69f390d73335e\" id=\"forminator-field-first-name-3_69f390d73335e-label\" class=\"forminator-label\">Pr\u00e9nom<\/label><input type=\"text\" name=\"name-3-first-name\" placeholder=\"\" id=\"forminator-field-first-name-3_69f390d73335e\" class=\"forminator-input\" aria-required=\"false\" data-multi=\"1\" autocomplete=\"given-name\" value=\"\" \/><\/div><\/div><div class=\"forminator-col forminator-col-md-3\"><div class=\"forminator-field\"><label for=\"forminator-field-last-name-3_69f390d73335e\" id=\"forminator-field-last-name-3_69f390d73335e-label\" class=\"forminator-label\">Nom<\/label><input type=\"text\" name=\"name-3-last-name\" placeholder=\"\" id=\"forminator-field-last-name-3_69f390d73335e\" class=\"forminator-input\" aria-required=\"false\" data-multi=\"1\" autocomplete=\"family-name\" value=\"\" \/><\/div><\/div><\/div><\/div><\/div><div class=\"forminator-row\"><div id=\"date-1\" class=\"forminator-field-date forminator-col forminator-col-12 \"><div class=\"forminator-field\"><label for=\"forminator-field-date-1-picker_69f390d73335e\" id=\"forminator-field-date-1-picker_69f390d73335e-label\" class=\"forminator-label\">Date de naissance<\/label><div class=\"forminator-input-with-icon\"><span class=\"forminator-icon-calendar\" aria-hidden=\"true\"><\/span><input autocomplete=\"off\" type=\"text\" size=\"1\" name=\"date-1\" value=\"\" placeholder=\"\" id=\"forminator-field-date-1-picker_69f390d73335e\" class=\"forminator-input forminator-datepicker\" data-required=\"\" data-format=\"dd-mm-yy\" data-restrict-type=\"\" data-restrict=\"\" data-start-year=\"1926\" data-end-year=\"2126\" data-past-dates=\"enable\" data-start-of-week=\"1\" data-start-date=\"\" data-end-date=\"\" data-start-field=\"\" data-end-field=\"\" data-start-offset=\"\" data-end-offset=\"\" data-disable-date=\"\" data-disable-range=\"\" aria-describedby=\"forminator-field-date-1-picker_69f390d73335e-description\" \/><\/div><span id=\"forminator-field-date-1-picker_69f390d73335e-description\" class=\"forminator-description\">Jour\/Mois\/Ann\u00e9e<\/span><\/div><\/div><\/div><div class=\"forminator-row forminator-action-buttons\"><div class=\"forminator-col forminator-col-12\"><input type=\"button\" value=\"Autre membre\" class=\"forminator-repeater-action-button forminator-repeater-add\" \/><input type=\"button\" value=\"Retirer\" class=\"forminator-repeater-action-button forminator-repeater-remove\" \/><\/div><\/div><\/div><\/div><\/div><\/div><div class=\"forminator-row\"><div id=\"group-3\" class=\"forminator-field-group forminator-col forminator-col-12 \"><label class=\"forminator-label forminator-repeater-label\">Fiche sant\u00e9<\/label><div class=\"forminator-all-group-copies forminator-repeater-field\"><div class=\"forminator-grouped-fields\" data-options=\"{&quot;is_repeater&quot;:false,&quot;min_type&quot;:&quot;custom&quot;,&quot;max_type&quot;:&quot;custom&quot;,&quot;min&quot;:1,&quot;max&quot;:9223372036854775807,&quot;add_text&quot;:&quot;Add item&quot;,&quot;remove_text&quot;:&quot;Remove item&quot;,&quot;action_element_type&quot;:&quot;button&quot;}\"><div class=\"forminator-row\"><div id=\"radio-2\" class=\"forminator-field-radio forminator-col forminator-col-12 \"><div role=\"radiogroup\" class=\"forminator-field\" aria-labelledby=\"forminator-radiogroup-radio-2-69f390d73335e-label\"><span id=\"forminator-radiogroup-radio-2-69f390d73335e-label\" class=\"forminator-label\">Blessure, maladie ou allergie : <span class=\"forminator-required\">*<\/span><\/span><label id=\"forminator-field-radio-2-label-1\" for=\"forminator-field-radio-2-1-69f390d73335e\" class=\"forminator-radio forminator-radio-inline\" title=\"Oui\"><input type=\"radio\" name=\"radio-2\" value=\"one\" id=\"forminator-field-radio-2-1-69f390d73335e\" aria-labelledby=\"forminator-field-radio-2-label-1\" data-calculation=\"0\"   data-hidden-behavior=\"zero\"\/><span class=\"forminator-radio-bullet\" aria-hidden=\"true\"><\/span><span class=\"forminator-radio-label\">Oui<\/span><\/label><label id=\"forminator-field-radio-2-label-2\" for=\"forminator-field-radio-2-2-69f390d73335e\" class=\"forminator-radio forminator-radio-inline\" title=\"Non\"><input type=\"radio\" name=\"radio-2\" value=\"two\" id=\"forminator-field-radio-2-2-69f390d73335e\" aria-labelledby=\"forminator-field-radio-2-label-2\" data-calculation=\"0\"   data-hidden-behavior=\"zero\"\/><span class=\"forminator-radio-bullet\" aria-hidden=\"true\"><\/span><span class=\"forminator-radio-label\">Non<\/span><\/label><\/div><\/div><\/div><div class=\"forminator-row\"><div id=\"textarea-1\" class=\"forminator-field-textarea forminator-col forminator-col-12 \"><div class=\"forminator-field\"><label for=\"forminator-field-textarea-1_69f390d73335e\" id=\"forminator-field-textarea-1_69f390d73335e-label\" class=\"forminator-label\">Si oui, pr\u00e9ciser.<\/label><textarea name=\"textarea-1\" placeholder=\"\" id=\"forminator-field-textarea-1_69f390d73335e\" class=\"forminator-textarea\" rows=\"6\" style=\"--forminator-textarea-min-height:140px;\" ><\/textarea><\/div><\/div><\/div><\/div><\/div><\/div><\/div><div class=\"forminator-row\"><div id=\"radio-1\" class=\"forminator-field-radio forminator-col forminator-col-12 \"><div role=\"radiogroup\" class=\"forminator-field\" aria-labelledby=\"forminator-radiogroup-radio-1-69f390d73335e-label\" aria-describedby=\"forminator-radiogroup-radio-1-69f390d73335e-description\"><span id=\"forminator-radiogroup-radio-1-69f390d73335e-label\" class=\"forminator-label\">Autorisation d\u2019usage des photos <span class=\"forminator-required\">*<\/span><\/span><label id=\"forminator-field-radio-1-label-1\" for=\"forminator-field-radio-1-1-69f390d73335e\" class=\"forminator-radio forminator-radio-inline\" title=\"Oui\"><input type=\"radio\" name=\"radio-1\" value=\"one\" id=\"forminator-field-radio-1-1-69f390d73335e\" aria-labelledby=\"forminator-field-radio-1-label-1\" data-calculation=\"0\"   data-hidden-behavior=\"zero\" aria-describedby=\"forminator-field-radio-1-69f390d73335e-description\"\/><span class=\"forminator-radio-bullet\" aria-hidden=\"true\"><\/span><span class=\"forminator-radio-label\">Oui<\/span><\/label><label id=\"forminator-field-radio-1-label-2\" for=\"forminator-field-radio-1-2-69f390d73335e\" class=\"forminator-radio forminator-radio-inline\" title=\"Non\"><input type=\"radio\" name=\"radio-1\" value=\"two\" id=\"forminator-field-radio-1-2-69f390d73335e\" aria-labelledby=\"forminator-field-radio-1-label-2\" data-calculation=\"0\"   data-hidden-behavior=\"zero\" aria-describedby=\"forminator-field-radio-1-69f390d73335e-description\"\/><span class=\"forminator-radio-bullet\" aria-hidden=\"true\"><\/span><span class=\"forminator-radio-label\">Non<\/span><\/label><span id=\"forminator-radiogroup-radio-1-69f390d73335e-description\" class=\"forminator-description\">J\u2019accepte que toutes photos ou vid\u00e9os de moi ou d\u2019un membre de ma famille prises dans le cadre d\u2019une activit\u00e9 organis\u00e9e par le dojo puissent \u00eatre utilis\u00e9es \u00e0 des fins promotionnelles, site web, r\u00e9seaux sociaux et autres m\u00e9diums.<\/span><\/div><\/div><\/div><input type=\"hidden\" name=\"referer_url\" value=\"\" \/><div class=\"forminator-row forminator-row-last\"><div class=\"forminator-col\"><div class=\"forminator-field\"><button class=\"forminator-button forminator-button-submit\">Soumettre<\/button><\/div><\/div><\/div><input type=\"hidden\" id=\"forminator_nonce\" name=\"forminator_nonce\" value=\"f2ecb84725\" \/><input type=\"hidden\" name=\"_wp_http_referer\" value=\"\/index.php\/wp-json\/wp\/v2\/pages\/168\" \/><input type=\"hidden\" name=\"form_id\" value=\"167\"><input type=\"hidden\" name=\"page_id\" value=\"168\"><input type=\"hidden\" name=\"form_type\" value=\"default\"><input type=\"hidden\" name=\"current_url\" value=\"https:\/\/www.karatesherbrooke.ca\/indexphp\/formulaire-inscription-kobujutsu\/\"><input type=\"hidden\" name=\"render_id\" value=\"0\"><input type=\"hidden\" name=\"action\" value=\"forminator_submit_form_custom-forms\"><\/form><\/div>\n","protected":false},"excerpt":{"rendered":"","protected":false},"author":1,"featured_media":0,"parent":0,"menu_order":0,"comment_status":"closed","ping_status":"closed","template":"","meta":{"ngg_post_thumbnail":0,"footnotes":""},"class_list":["post-168","page","type-page","status-publish","hentry"],"yoast_head":"<!-- This site is optimized with the Yoast SEO Premium plugin v27.4 (Yoast SEO v27.4) - https:\/\/yoast.com\/product\/yoast-seo-premium-wordpress\/ -->\n<title>Inscription au cours de kobujutsu \u00e0 Sherbrooke - Dojo Kazoku Sherbrooke<\/title>\n<meta name=\"description\" content=\"Inscrivez-vous au cours de kobujutsu (armes traditionnelles) ou au cours de karat\u00e9 traditionnel japonais (individuellement ou en famille)\" \/>\n<meta name=\"robots\" content=\"index, follow, max-snippet:-1, max-image-preview:large, max-video-preview:-1\" \/>\n<link rel=\"canonical\" href=\"https:\/\/www.karatesherbrooke.ca\/indexphp\/formulaire-inscription-kobujutsu\/\" \/>\n<meta property=\"og:locale\" content=\"fr_CA\" \/>\n<meta property=\"og:type\" content=\"article\" \/>\n<meta property=\"og:title\" content=\"Cours de karat\u00e9 et de kobudo \u00e0 Sherbrooke - Dojo Kazoku Sherbrooke\" \/>\n<meta property=\"og:description\" content=\"\u00c9cole d&#039;arts martiaux offrant des cours de karat\u00e9 traditionnel japonais et de kobudo (armes traditionnelles) pour tous (individuel ou en famille)\" \/>\n<meta property=\"og:url\" content=\"https:\/\/www.karatesherbrooke.ca\/indexphp\/formulaire-inscription-kobujutsu\/\" \/>\n<meta property=\"og:site_name\" content=\"Dojo Kazoku Sherbrooke\" \/>\n<meta property=\"article:publisher\" content=\"https:\/\/www.facebook.com\/groups\/dojokazoku\" \/>\n<meta property=\"article:modified_time\" content=\"2024-11-30T15:11:52+00:00\" \/>\n<meta property=\"og:image\" content=\"https:\/\/www.karatesherbrooke.ca\/wp-content\/uploads\/2024\/08\/famillial3-2.jpg\" \/>\n\t<meta property=\"og:image:width\" content=\"1200\" \/>\n\t<meta property=\"og:image:height\" content=\"718\" \/>\n\t<meta property=\"og:image:type\" content=\"image\/jpeg\" \/>\n<meta name=\"twitter:card\" content=\"summary_large_image\" \/>\n<meta name=\"twitter:label1\" content=\"Estimation du temps de lecture\" \/>\n\t<meta name=\"twitter:data1\" content=\"1 minute\" \/>\n<!-- \/ Yoast SEO Premium plugin. -->","yoast_head_json":{"title":"Inscription au cours de kobujutsu \u00e0 Sherbrooke - Dojo Kazoku Sherbrooke","description":"Inscrivez-vous au cours de kobujutsu (armes traditionnelles) ou au cours de karat\u00e9 traditionnel japonais (individuellement ou en famille)","robots":{"index":"index","follow":"follow","max-snippet":"max-snippet:-1","max-image-preview":"max-image-preview:large","max-video-preview":"max-video-preview:-1"},"canonical":"https:\/\/www.karatesherbrooke.ca\/indexphp\/formulaire-inscription-kobujutsu\/","og_locale":"fr_CA","og_type":"article","og_title":"Cours de karat\u00e9 et de kobudo \u00e0 Sherbrooke - Dojo Kazoku Sherbrooke","og_description":"\u00c9cole d'arts martiaux offrant des cours de karat\u00e9 traditionnel japonais et de kobudo (armes traditionnelles) pour tous (individuel ou en famille)","og_url":"https:\/\/www.karatesherbrooke.ca\/indexphp\/formulaire-inscription-kobujutsu\/","og_site_name":"Dojo Kazoku Sherbrooke","article_publisher":"https:\/\/www.facebook.com\/groups\/dojokazoku","article_modified_time":"2024-11-30T15:11:52+00:00","og_image":[{"width":1200,"height":718,"url":"https:\/\/www.karatesherbrooke.ca\/wp-content\/uploads\/2024\/08\/famillial3-2.jpg","type":"image\/jpeg"}],"twitter_card":"summary_large_image","twitter_misc":{"Estimation du temps de lecture":"1 minute"},"schema":{"@context":"https:\/\/schema.org","@graph":[{"@type":"Article","@id":"https:\/\/www.karatesherbrooke.ca\/indexphp\/formulaire-inscription-kobujutsu\/#article","isPartOf":{"@id":"https:\/\/www.karatesherbrooke.ca\/indexphp\/formulaire-inscription-kobujutsu\/"},"author":{"name":"girard","@id":"https:\/\/www.karatesherbrooke.ca\/#\/schema\/person\/6d8fd686824829e72318a03e4c133917"},"headline":"Formulaire inscription kobujutsu","datePublished":"2023-08-04T20:40:55+00:00","dateModified":"2024-11-30T15:11:52+00:00","mainEntityOfPage":{"@id":"https:\/\/www.karatesherbrooke.ca\/indexphp\/formulaire-inscription-kobujutsu\/"},"wordCount":6,"publisher":{"@id":"https:\/\/www.karatesherbrooke.ca\/#organization"},"inLanguage":"fr-CA"},{"@type":"WebPage","@id":"https:\/\/www.karatesherbrooke.ca\/indexphp\/formulaire-inscription-kobujutsu\/","url":"https:\/\/www.karatesherbrooke.ca\/indexphp\/formulaire-inscription-kobujutsu\/","name":"Inscription au cours de kobujutsu \u00e0 Sherbrooke - Dojo Kazoku Sherbrooke","isPartOf":{"@id":"https:\/\/www.karatesherbrooke.ca\/#website"},"datePublished":"2023-08-04T20:40:55+00:00","dateModified":"2024-11-30T15:11:52+00:00","description":"Inscrivez-vous au cours de kobujutsu (armes traditionnelles) ou au cours de karat\u00e9 traditionnel japonais (individuellement ou en famille)","breadcrumb":{"@id":"https:\/\/www.karatesherbrooke.ca\/indexphp\/formulaire-inscription-kobujutsu\/#breadcrumb"},"inLanguage":"fr-CA","potentialAction":[{"@type":"ReadAction","target":["https:\/\/www.karatesherbrooke.ca\/indexphp\/formulaire-inscription-kobujutsu\/"]}]},{"@type":"BreadcrumbList","@id":"https:\/\/www.karatesherbrooke.ca\/indexphp\/formulaire-inscription-kobujutsu\/#breadcrumb","itemListElement":[{"@type":"ListItem","position":1,"name":"Accueil","item":"https:\/\/www.karatesherbrooke.ca\/"},{"@type":"ListItem","position":2,"name":"Formulaire inscription kobujutsu"}]},{"@type":"WebSite","@id":"https:\/\/www.karatesherbrooke.ca\/#website","url":"https:\/\/www.karatesherbrooke.ca\/","name":"Dojo Kazoku Sherbrooke","description":"Cours de karat\u00e9 et kobudo","publisher":{"@id":"https:\/\/www.karatesherbrooke.ca\/#organization"},"alternateName":"Cours de karat\u00e9 et de kobujutsu","potentialAction":[{"@type":"SearchAction","target":{"@type":"EntryPoint","urlTemplate":"https:\/\/www.karatesherbrooke.ca\/?s={search_term_string}"},"query-input":{"@type":"PropertyValueSpecification","valueRequired":true,"valueName":"search_term_string"}}],"inLanguage":"fr-CA"},{"@type":"Organization","@id":"https:\/\/www.karatesherbrooke.ca\/#organization","name":"Dojo Kazoku Sherbrooke","alternateName":"\u00c9cole de karat\u00e9","url":"https:\/\/www.karatesherbrooke.ca\/","logo":{"@type":"ImageObject","inLanguage":"fr-CA","@id":"https:\/\/www.karatesherbrooke.ca\/#\/schema\/logo\/image\/","url":"https:\/\/www.karatesherbrooke.ca\/wp-content\/uploads\/2023\/08\/cropped-cropped-logo-e1690990206920-1.jpg","contentUrl":"https:\/\/www.karatesherbrooke.ca\/wp-content\/uploads\/2023\/08\/cropped-cropped-logo-e1690990206920-1.jpg","width":246,"height":246,"caption":"Dojo Kazoku Sherbrooke"},"image":{"@id":"https:\/\/www.karatesherbrooke.ca\/#\/schema\/logo\/image\/"},"sameAs":["https:\/\/www.facebook.com\/groups\/dojokazoku","https:\/\/www.facebook.com\/profile.php?id=100066665259833"],"description":"\u00c9cole offrant des cours de karat\u00e9 et de kobujutsu \u00e0 Sherbrooke","email":"dojokazoku.sherbrooke@gmail.com","telephone":"873-888-8314","legalName":"Dojo Kazoku Sherbrooke"},{"@type":"Person","@id":"https:\/\/www.karatesherbrooke.ca\/#\/schema\/person\/6d8fd686824829e72318a03e4c133917","name":"girard","image":{"@type":"ImageObject","inLanguage":"fr-CA","@id":"https:\/\/secure.gravatar.com\/avatar\/ad07ca854bf380f1421fcd1a31eb43defaab7bca7131dc2c111a86e796cf0ac2?s=96&d=mm&r=g","url":"https:\/\/secure.gravatar.com\/avatar\/ad07ca854bf380f1421fcd1a31eb43defaab7bca7131dc2c111a86e796cf0ac2?s=96&d=mm&r=g","contentUrl":"https:\/\/secure.gravatar.com\/avatar\/ad07ca854bf380f1421fcd1a31eb43defaab7bca7131dc2c111a86e796cf0ac2?s=96&d=mm&r=g","caption":"girard"},"sameAs":["https:\/\/www.karatesherbrooke.ca"],"url":"https:\/\/www.karatesherbrooke.ca\/index.php\/author\/girard\/"}]}},"_links":{"self":[{"href":"https:\/\/www.karatesherbrooke.ca\/index.php\/wp-json\/wp\/v2\/pages\/168","targetHints":{"allow":["GET"]}}],"collection":[{"href":"https:\/\/www.karatesherbrooke.ca\/index.php\/wp-json\/wp\/v2\/pages"}],"about":[{"href":"https:\/\/www.karatesherbrooke.ca\/index.php\/wp-json\/wp\/v2\/types\/page"}],"author":[{"embeddable":true,"href":"https:\/\/www.karatesherbrooke.ca\/index.php\/wp-json\/wp\/v2\/users\/1"}],"replies":[{"embeddable":true,"href":"https:\/\/www.karatesherbrooke.ca\/index.php\/wp-json\/wp\/v2\/comments?post=168"}],"version-history":[{"count":1,"href":"https:\/\/www.karatesherbrooke.ca\/index.php\/wp-json\/wp\/v2\/pages\/168\/revisions"}],"predecessor-version":[{"id":169,"href":"https:\/\/www.karatesherbrooke.ca\/index.php\/wp-json\/wp\/v2\/pages\/168\/revisions\/169"}],"wp:attachment":[{"href":"https:\/\/www.karatesherbrooke.ca\/index.php\/wp-json\/wp\/v2\/media?parent=168"}],"curies":[{"name":"wp","href":"https:\/\/api.w.org\/{rel}","templated":true}]}}