{"id":145,"date":"2023-08-04T14:25:21","date_gmt":"2023-08-04T18:25:21","guid":{"rendered":"https:\/\/www.karatesherbrooke.ca\/?page_id=145"},"modified":"2025-08-26T09:01:21","modified_gmt":"2025-08-26T13:01:21","slug":"contactez-nous","status":"publish","type":"page","link":"https:\/\/www.karatesherbrooke.ca\/indexphp\/contact\/","title":{"rendered":"Contactez-nous!"},"content":{"rendered":"\n<h1 class=\"wp-block-heading has-text-align-left has-cyan-bluish-gray-background-color has-background\" id=\"h-ecole-de-karate-et-de-kobudo-kazoku-sherbrooke\">\u00c9cole de karat\u00e9 et de kobudo : Kazoku Sherbrooke<\/h1>\n\n\n\n<h2 class=\"wp-block-heading has-large-font-size\" id=\"h-contactez-nous-pour-plus-d-informations-sur-nos-cours-de-karate-et-de-kobudo\"><strong>Contactez-nous pour plus d&#8217;informations sur nos cours de karat\u00e9 et de kobudo!<\/strong><\/h2>\n\n\n\n<p class=\"has-text-align-left has-cyan-bluish-gray-background-color has-background has-medium-font-size\"><strong>Vous \u00eates curieux? Vous avez des questions?<\/strong> <strong>Contactez-nous!<\/strong><\/p>\n\n\n\n<div class=\"wp-block-columns is-layout-flex wp-container-core-columns-is-layout-9d6595d7 wp-block-columns-is-layout-flex\">\n<div class=\"wp-block-column is-layout-flow wp-block-column-is-layout-flow\" style=\"flex-basis:50%\">\n<h2 class=\"wp-block-heading has-text-align-center has-black-color has-cyan-bluish-gray-background-color has-text-color has-background has-link-color has-medium-font-size wp-elements-cea3045bf8e509ec19e178f28ca7b801\" id=\"h-par-courriel\"><strong><a href=\"mailto:dojokazoku.sherbrooke@gmail.com\">Par courriel!<\/a><\/strong><\/h2>\n\n\n\n<p class=\"has-text-align-left has-medium-font-size\"><strong><u><a href=\"mailto:dojokazoku.sherbrooke@gmail.com\">dojokazoku.sherbrooke@gmail.com<\/a><\/u><\/strong><\/p>\n\n\n\n<p class=\"has-medium-font-size\">Nous vous r\u00e9pondrons rapidement!<\/p>\n<\/div>\n\n\n\n<div class=\"wp-block-column is-layout-flow wp-block-column-is-layout-flow\" style=\"flex-basis:50%\">\n<h2 class=\"wp-block-heading has-text-align-center has-cyan-bluish-gray-background-color has-background has-medium-font-size\" id=\"h-par-telephone\">Par t\u00e9l\u00e9phone!<\/h2>\n\n\n\n<p class=\"has-text-align-center has-vivid-red-color has-text-color has-medium-font-size\"><strong>873.888.8314<\/strong><\/p>\n\n\n\n<p class=\"has-medium-font-size\">Laissez un message sur la boite vocale une personne responsable vous rappellera rapidement.<\/p>\n<\/div>\n<\/div>\n\n\n\n<hr class=\"wp-block-separator has-text-color has-black-color has-alpha-channel-opacity has-black-background-color has-background is-style-wide\"\/>\n\n\n\n<p class=\"has-text-align-left has-cyan-bluish-gray-background-color has-background\" style=\"font-size:30px\"><strong>Ou bien venez essayez nos cours pendant deux semaines gratuitement!<\/strong><\/p>\n\n\n\n<h2 class=\"wp-block-heading has-medium-font-size\" id=\"h-cliquez-pour-connaitre-l-horaire-des-cours-de-karate-popup-anything-id-313-et-popup-anything-id-1192-et-du-popup-anything-id-523\"><strong>Cliquez pour conna\u00eetre l&#8217;horaire des cours de karat\u00e9 (\r\n\t<a class=\"paoc-popup-click paoc-popup-cust-313 paoc-popup-simple_link paoc-popup-link\" href=\"javascript:void(0);\">mardi<\/a>\r\n\r\n et \r\n\t<a class=\"paoc-popup-click paoc-popup-cust-1192 paoc-popup-simple_link paoc-popup-link\" href=\"javascript:void(0);\">jeudi<\/a>\r\n\r\n) et du <\/strong><strong>\r\n\t<a class=\"paoc-popup-click paoc-popup-cust-523 paoc-popup-simple_link paoc-popup-link\" href=\"javascript:void(0);\">kobujutsu<\/a>\r\n\r\n<\/strong><\/h2>\n\n\n\n<div class=\"wp-block-columns is-layout-flex wp-container-core-columns-is-layout-9d6595d7 wp-block-columns-is-layout-flex\">\n<div class=\"wp-block-column is-layout-flow wp-block-column-is-layout-flow\">\n<p class=\"has-text-align-left has-cyan-bluish-gray-background-color has-background has-medium-font-size\" id=\"praxede\"><strong>Chez Prax\u00e8de, Bromptonville (mardi seulement)<\/strong><\/p>\n\n\n\n<figure class=\"wp-block-image size-full is-resized is-style-default\"><img loading=\"lazy\" decoding=\"async\" width=\"526\" height=\"710\" src=\"https:\/\/www.karatesherbrooke.ca\/wp-content\/uploads\/2025\/08\/480278276_957055853225243_1258405861667967486_n.jpg\" alt=\"\" class=\"wp-image-1706\" style=\"aspect-ratio:1.3333333333333333;object-fit:cover;width:487px;height:auto\" srcset=\"https:\/\/www.karatesherbrooke.ca\/wp-content\/uploads\/2025\/08\/480278276_957055853225243_1258405861667967486_n.jpg 526w, https:\/\/www.karatesherbrooke.ca\/wp-content\/uploads\/2025\/08\/480278276_957055853225243_1258405861667967486_n-222x300.jpg 222w\" sizes=\"auto, (max-width: 526px) 100vw, 526px\" \/><\/figure>\n\n\n\n<p class=\"has-text-align-left\">Le Dojo Kazoku de Sherbrooke donne ses cours du mardi \u00e0 l&#8217;espace collectif multifonctionnel \u00abChez Prax\u00e8de\u00bb \u00e0 Bromptonville au <strong>35 Rue du Cur\u00e9-LaRocque<\/strong>. Contactez-nous pour plus d&#8217;informations.<\/p>\n\n\n\n<p class=\"has-text-align-left has-medium-font-size\"><strong>35 Rue du Cur\u00e9-LaRocque, Sherbrooke (Bromptonville)<\/strong><\/p>\n\n\n\n<iframe src=\"https:\/\/www.google.com\/maps\/embed?pb=!1m18!1m12!1m3!1d2797.7524696084597!2d-71.94765472304627!3d45.474790032730915!2m3!1f0!2f0!3f0!3m2!1i1024!2i768!4f13.1!3m3!1m2!1s0x4cb7b718c9597ad9%3A0xdc6d2d37282c7fb9!2sChez%20Prax%C3%A8de%2C%20espace%20collectif%20multifonctionnel%20de%20Brompton!5e0!3m2!1sfr!2sca!4v1755526547552!5m2!1sfr!2sca\" width=\"600\" height=\"450\" style=\"border:0;\" allowfullscreen=\"\" loading=\"lazy\" referrerpolicy=\"no-referrer-when-downgrade\"><\/iframe>\n<\/div>\n\n\n\n<div class=\"wp-block-column is-layout-flow wp-block-column-is-layout-flow\">\n<p class=\"has-text-align-left has-cyan-bluish-gray-background-color has-background has-medium-font-size\" id=\"calimacil\"><strong>Chez Calimacil, est de Sherbrooke (jeudi seulement)<\/strong><\/p>\n\n\n\n<figure class=\"wp-block-image size-full\"><img loading=\"lazy\" decoding=\"async\" width=\"978\" height=\"615\" src=\"https:\/\/www.karatesherbrooke.ca\/wp-content\/uploads\/2023\/08\/dojo3.jpg\" alt=\"Contactez-nous!  Plan pour acc\u00e9der au Dojo Kazoku de Sherbrooke.\" class=\"wp-image-789\" srcset=\"https:\/\/www.karatesherbrooke.ca\/wp-content\/uploads\/2023\/08\/dojo3.jpg 978w, https:\/\/www.karatesherbrooke.ca\/wp-content\/uploads\/2023\/08\/dojo3-300x189.jpg 300w, https:\/\/www.karatesherbrooke.ca\/wp-content\/uploads\/2023\/08\/dojo3-768x483.jpg 768w\" sizes=\"auto, (max-width: 978px) 100vw, 978px\" \/><\/figure>\n\n\n\n<p class=\"has-text-align-left\">Le Dojo Kazoku de Sherbrooke donne ses cours du jeudi  dans l&#8217;est sur la rue Deschaillons pr\u00e8s de l&#8217;intersection des rues Galt-est et De Lavigerie (pr\u00e8s du Canac-Marquis de l&#8217;est). Contactez-nous pour plus d&#8217;informations.<\/p>\n\n\n\n<p class=\"has-text-align-left has-black-color has-text-color has-medium-font-size\"><strong>1150 rue Deschaillons Sherbrooke, QC<\/strong>    \t<a class=\"paoc-popup-click paoc-popup-cust-292 paoc-popup-button paoc-popup-btn \" href=\"javascript:void(0);\">Itin\u00e9raire<\/a>\r\n<\/p>\n\n\n\n<iframe src=\"https:\/\/www.google.com\/maps\/embed?pb=!1m18!1m12!1m3!1d2801.5300398897907!2d-71.8630295!3d45.398650200000006!2m3!1f0!2f0!3f0!3m2!1i1024!2i768!4f13.1!3m3!1m2!1s0x4cb7b2f082959c9f%3A0x3f13d1326e4313b0!2s1150%20Rue%20Deschaillons%2C%20Sherbrooke%2C%20QC%20J1G%201X7!5e0!3m2!1sfr!2sca!4v1692843743318!5m2!1sfr!2sca\" width=\"600\" height=\"450\" style=\"border:0;\" allowfullscreen=\"\" loading=\"lazy\" referrerpolicy=\"no-referrer-when-downgrade\"><\/iframe>\n<\/div>\n<\/div>\n\n\n\n<p style=\"font-size:16px\">En conclusion, nous offrons des cours de karat\u00e9 du style traditionnel japonais Chito-Ryu et des cours de Kobudo (armes traditionnelles) du style Ryukyu Kobujutsu. Nos cours s&#8217;adressent \u00e0 tous, enfants ou adultes de tous ages avec ou sans exp\u00e9riences. Pour en savoir plus, contactez-nous.<\/p>\n\n\n\n<p style=\"font-size:16px\">Nous sommes membres des <a href=\"https:\/\/www.chito-ryu-quebec.ca\/\">associations qu\u00e9becoise<\/a> et <a href=\"https:\/\/canadianchitoryu.ca\/\">canadienne<\/a> de Karat\u00e9 Chito-Ryu ainsi que de l&#8217;<a href=\"https:\/\/www.sportspourtous.ca\/ACRKK\/index.html\">Association Canadienne de Ryukyu Kobujutsu.<\/a> Nous sommes \u00e9galement membre de Karat\u00e9 Qu\u00e9bec.<\/p>\n\n\n\n<p class=\"has-cyan-bluish-gray-background-color has-background has-medium-font-size\"><a href=\"https:\/\/www.karatesherbrooke.ca\">Retour \u00e0 la page d&#8217;accueil&#8230;<\/a><\/p>\n","protected":false},"excerpt":{"rendered":"<p>\u00c9cole de karat\u00e9 et de kobudo : Kazoku Sherbrooke Contactez-nous pour plus d&#8217;informations sur nos cours de karat\u00e9 et de kobudo! Vous \u00eates curieux? Vous<\/p>\n","protected":false},"author":1,"featured_media":0,"parent":0,"menu_order":0,"comment_status":"closed","ping_status":"closed","template":"","meta":{"ngg_post_thumbnail":0,"footnotes":""},"class_list":["post-145","page","type-page","status-publish","hentry"],"yoast_head":"<!-- This site is optimized with the Yoast SEO Premium plugin v27.3 (Yoast SEO v27.3) - https:\/\/yoast.com\/product\/yoast-seo-premium-wordpress\/ -->\n<title>Contactez-nous par courriel ou par t\u00e9l\u00e9phone! - Dojo Kazoku Sherbrooke<\/title>\n<meta name=\"description\" content=\"Nous offrons des cours de karat\u00e9 (Chito-Ryu) et de kobujutsu (armes traditionnelles). Contactez-nous par courriel ou par t\u00e9l\u00e9phone!\" \/>\n<meta name=\"robots\" content=\"index, follow, max-snippet:-1, max-image-preview:large, max-video-preview:-1\" \/>\n<link rel=\"canonical\" href=\"https:\/\/www.karatesherbrooke.ca\/indexphp\/contact\/\" \/>\n<meta property=\"og:locale\" content=\"fr_CA\" \/>\n<meta property=\"og:type\" content=\"article\" \/>\n<meta property=\"og:title\" content=\"Cours de karat\u00e9 et de kobudo \u00e0 Sherbrooke - Dojo Kazoku Sherbrooke\" \/>\n<meta property=\"og:description\" content=\"\u00c9cole d&#039;arts martiaux offrant des cours de karat\u00e9 traditionnel japonais et de kobudo (armes traditionnelles) pour tous (individuel ou en famille)\" \/>\n<meta property=\"og:url\" content=\"https:\/\/www.karatesherbrooke.ca\/indexphp\/contact\/\" \/>\n<meta property=\"og:site_name\" content=\"Dojo Kazoku Sherbrooke\" \/>\n<meta property=\"article:publisher\" content=\"https:\/\/www.facebook.com\/groups\/dojokazoku\" \/>\n<meta property=\"article:modified_time\" content=\"2025-08-26T13:01:21+00:00\" \/>\n<meta property=\"og:image\" content=\"https:\/\/www.karatesherbrooke.ca\/wp-content\/uploads\/2025\/08\/480278276_957055853225243_1258405861667967486_n.jpg\" \/>\n\t<meta property=\"og:image:width\" content=\"526\" \/>\n\t<meta property=\"og:image:height\" content=\"710\" \/>\n\t<meta property=\"og:image:type\" content=\"image\/jpeg\" \/>\n<meta name=\"twitter:card\" content=\"summary_large_image\" \/>\n<meta name=\"twitter:label1\" content=\"Estimation du temps de lecture\" \/>\n\t<meta name=\"twitter:data1\" content=\"2 minutes\" \/>\n<!-- \/ Yoast SEO Premium plugin. -->","yoast_head_json":{"title":"Contactez-nous par courriel ou par t\u00e9l\u00e9phone! - Dojo Kazoku Sherbrooke","description":"Nous offrons des cours de karat\u00e9 (Chito-Ryu) et de kobujutsu (armes traditionnelles). Contactez-nous par courriel ou par t\u00e9l\u00e9phone!","robots":{"index":"index","follow":"follow","max-snippet":"max-snippet:-1","max-image-preview":"max-image-preview:large","max-video-preview":"max-video-preview:-1"},"canonical":"https:\/\/www.karatesherbrooke.ca\/indexphp\/contact\/","og_locale":"fr_CA","og_type":"article","og_title":"Cours de karat\u00e9 et de kobudo \u00e0 Sherbrooke - Dojo Kazoku Sherbrooke","og_description":"\u00c9cole d'arts martiaux offrant des cours de karat\u00e9 traditionnel japonais et de kobudo (armes traditionnelles) pour tous (individuel ou en famille)","og_url":"https:\/\/www.karatesherbrooke.ca\/indexphp\/contact\/","og_site_name":"Dojo Kazoku Sherbrooke","article_publisher":"https:\/\/www.facebook.com\/groups\/dojokazoku","article_modified_time":"2025-08-26T13:01:21+00:00","og_image":[{"width":526,"height":710,"url":"https:\/\/www.karatesherbrooke.ca\/wp-content\/uploads\/2025\/08\/480278276_957055853225243_1258405861667967486_n.jpg","type":"image\/jpeg"}],"twitter_card":"summary_large_image","twitter_misc":{"Estimation du temps de lecture":"2 minutes"},"schema":{"@context":"https:\/\/schema.org","@graph":[{"@type":"Article","@id":"https:\/\/www.karatesherbrooke.ca\/indexphp\/contact\/#article","isPartOf":{"@id":"https:\/\/www.karatesherbrooke.ca\/indexphp\/contact\/"},"author":{"name":"girard","@id":"https:\/\/www.karatesherbrooke.ca\/#\/schema\/person\/6d8fd686824829e72318a03e4c133917"},"headline":"Contactez-nous!","datePublished":"2023-08-04T18:25:21+00:00","dateModified":"2025-08-26T13:01:21+00:00","mainEntityOfPage":{"@id":"https:\/\/www.karatesherbrooke.ca\/indexphp\/contact\/"},"wordCount":263,"publisher":{"@id":"https:\/\/www.karatesherbrooke.ca\/#organization"},"image":{"@id":"https:\/\/www.karatesherbrooke.ca\/indexphp\/contact\/#primaryimage"},"thumbnailUrl":"https:\/\/www.karatesherbrooke.ca\/wp-content\/uploads\/2025\/08\/480278276_957055853225243_1258405861667967486_n.jpg","inLanguage":"fr-CA"},{"@type":["WebPage","ContactPage"],"@id":"https:\/\/www.karatesherbrooke.ca\/indexphp\/contact\/","url":"https:\/\/www.karatesherbrooke.ca\/indexphp\/contact\/","name":"Contactez-nous par courriel ou par t\u00e9l\u00e9phone! - Dojo Kazoku Sherbrooke","isPartOf":{"@id":"https:\/\/www.karatesherbrooke.ca\/#website"},"primaryImageOfPage":{"@id":"https:\/\/www.karatesherbrooke.ca\/indexphp\/contact\/#primaryimage"},"image":{"@id":"https:\/\/www.karatesherbrooke.ca\/indexphp\/contact\/#primaryimage"},"thumbnailUrl":"https:\/\/www.karatesherbrooke.ca\/wp-content\/uploads\/2025\/08\/480278276_957055853225243_1258405861667967486_n.jpg","datePublished":"2023-08-04T18:25:21+00:00","dateModified":"2025-08-26T13:01:21+00:00","description":"Nous offrons des cours de karat\u00e9 (Chito-Ryu) et de kobujutsu (armes traditionnelles). Contactez-nous par courriel ou par t\u00e9l\u00e9phone!","breadcrumb":{"@id":"https:\/\/www.karatesherbrooke.ca\/indexphp\/contact\/#breadcrumb"},"inLanguage":"fr-CA","potentialAction":[{"@type":"ReadAction","target":["https:\/\/www.karatesherbrooke.ca\/indexphp\/contact\/"]}]},{"@type":"ImageObject","inLanguage":"fr-CA","@id":"https:\/\/www.karatesherbrooke.ca\/indexphp\/contact\/#primaryimage","url":"https:\/\/www.karatesherbrooke.ca\/wp-content\/uploads\/2025\/08\/480278276_957055853225243_1258405861667967486_n.jpg","contentUrl":"https:\/\/www.karatesherbrooke.ca\/wp-content\/uploads\/2025\/08\/480278276_957055853225243_1258405861667967486_n.jpg","width":526,"height":710},{"@type":"BreadcrumbList","@id":"https:\/\/www.karatesherbrooke.ca\/indexphp\/contact\/#breadcrumb","itemListElement":[{"@type":"ListItem","position":1,"name":"Accueil","item":"https:\/\/www.karatesherbrooke.ca\/"},{"@type":"ListItem","position":2,"name":"Contactez-nous!"}]},{"@type":"WebSite","@id":"https:\/\/www.karatesherbrooke.ca\/#website","url":"https:\/\/www.karatesherbrooke.ca\/","name":"Dojo Kazoku Sherbrooke","description":"Cours de karat\u00e9 et kobudo","publisher":{"@id":"https:\/\/www.karatesherbrooke.ca\/#organization"},"alternateName":"Cours de karat\u00e9 et de kobujutsu","potentialAction":[{"@type":"SearchAction","target":{"@type":"EntryPoint","urlTemplate":"https:\/\/www.karatesherbrooke.ca\/?s={search_term_string}"},"query-input":{"@type":"PropertyValueSpecification","valueRequired":true,"valueName":"search_term_string"}}],"inLanguage":"fr-CA"},{"@type":"Organization","@id":"https:\/\/www.karatesherbrooke.ca\/#organization","name":"Dojo Kazoku Sherbrooke","alternateName":"\u00c9cole de karat\u00e9","url":"https:\/\/www.karatesherbrooke.ca\/","logo":{"@type":"ImageObject","inLanguage":"fr-CA","@id":"https:\/\/www.karatesherbrooke.ca\/#\/schema\/logo\/image\/","url":"https:\/\/www.karatesherbrooke.ca\/wp-content\/uploads\/2023\/08\/cropped-cropped-logo-e1690990206920-1.jpg","contentUrl":"https:\/\/www.karatesherbrooke.ca\/wp-content\/uploads\/2023\/08\/cropped-cropped-logo-e1690990206920-1.jpg","width":246,"height":246,"caption":"Dojo Kazoku Sherbrooke"},"image":{"@id":"https:\/\/www.karatesherbrooke.ca\/#\/schema\/logo\/image\/"},"sameAs":["https:\/\/www.facebook.com\/groups\/dojokazoku","https:\/\/www.facebook.com\/profile.php?id=100066665259833"],"description":"\u00c9cole offrant des cours de karat\u00e9 et de kobujutsu \u00e0 Sherbrooke","email":"dojokazoku.sherbrooke@gmail.com","telephone":"873-888-8314","legalName":"Dojo Kazoku Sherbrooke"},{"@type":"Person","@id":"https:\/\/www.karatesherbrooke.ca\/#\/schema\/person\/6d8fd686824829e72318a03e4c133917","name":"girard","image":{"@type":"ImageObject","inLanguage":"fr-CA","@id":"https:\/\/secure.gravatar.com\/avatar\/ad07ca854bf380f1421fcd1a31eb43defaab7bca7131dc2c111a86e796cf0ac2?s=96&d=mm&r=g","url":"https:\/\/secure.gravatar.com\/avatar\/ad07ca854bf380f1421fcd1a31eb43defaab7bca7131dc2c111a86e796cf0ac2?s=96&d=mm&r=g","contentUrl":"https:\/\/secure.gravatar.com\/avatar\/ad07ca854bf380f1421fcd1a31eb43defaab7bca7131dc2c111a86e796cf0ac2?s=96&d=mm&r=g","caption":"girard"},"sameAs":["https:\/\/www.karatesherbrooke.ca"],"url":"https:\/\/www.karatesherbrooke.ca\/index.php\/author\/girard\/"}]}},"_links":{"self":[{"href":"https:\/\/www.karatesherbrooke.ca\/index.php\/wp-json\/wp\/v2\/pages\/145","targetHints":{"allow":["GET"]}}],"collection":[{"href":"https:\/\/www.karatesherbrooke.ca\/index.php\/wp-json\/wp\/v2\/pages"}],"about":[{"href":"https:\/\/www.karatesherbrooke.ca\/index.php\/wp-json\/wp\/v2\/types\/page"}],"author":[{"embeddable":true,"href":"https:\/\/www.karatesherbrooke.ca\/index.php\/wp-json\/wp\/v2\/users\/1"}],"replies":[{"embeddable":true,"href":"https:\/\/www.karatesherbrooke.ca\/index.php\/wp-json\/wp\/v2\/comments?post=145"}],"version-history":[{"count":74,"href":"https:\/\/www.karatesherbrooke.ca\/index.php\/wp-json\/wp\/v2\/pages\/145\/revisions"}],"predecessor-version":[{"id":1790,"href":"https:\/\/www.karatesherbrooke.ca\/index.php\/wp-json\/wp\/v2\/pages\/145\/revisions\/1790"}],"wp:attachment":[{"href":"https:\/\/www.karatesherbrooke.ca\/index.php\/wp-json\/wp\/v2\/media?parent=145"}],"curies":[{"name":"wp","href":"https:\/\/api.w.org\/{rel}","templated":true}]}}